{"id":1271,"date":"2022-04-21T10:58:47","date_gmt":"2022-04-21T10:58:47","guid":{"rendered":"https:\/\/rcto.wpengine.com\/?page_id=1271"},"modified":"2022-08-30T12:28:17","modified_gmt":"2022-08-30T12:28:17","slug":"a-propos-de-rct","status":"publish","type":"page","link":"https:\/\/rcto.ca\/fr\/a-propos-de-rct\/","title":{"rendered":"\u00c0 propos de RCT"},"content":{"rendered":"<p>[et_pb_section fb_built=\u00a0\u00bb1&Prime; disabled_on=\u00a0\u00bboff|off|off\u00a0\u00bb admin_label=\u00a0\u00bbDiscover\u00a0\u00bb module_class=\u00a0\u00bbdiscover-sec\u00a0\u00bb _builder_version=\u00a0\u00bb4.7.5&Prime; _module_preset=\u00a0\u00bbdefault\u00a0\u00bb background_image=\u00a0\u00bbhttps:\/\/rcto.ca\/wp-content\/uploads\/2022\/08\/D6C0A8BF-6723-4DFD-B6B0-B1816BA5310F.png\u00a0\u00bb custom_padding=\u00a0\u00bb150px||150px||false|false\u00a0\u00bb hover_enabled=\u00a0\u00bb0&Prime; locked=\u00a0\u00bboff\u00a0\u00bb collapsed=\u00a0\u00bboff\u00a0\u00bb title_text=\u00a0\u00bbD6C0A8BF-6723-4DFD-B6B0-B1816BA5310F\u00a0\u00bb use_background_color_gradient=\u00a0\u00bbon\u00a0\u00bb background_color_gradient_start=\u00a0\u00bb#000000&Prime; background_color_gradient_end=\u00a0\u00bbrgba(0,0,0,0)\u00a0\u00bb background_color_gradient_start_position=\u00a0\u00bb-42%\u00a0\u00bb background_color_gradient_overlays_image=\u00a0\u00bbon\u00a0\u00bb background_color_gradient_direction=\u00a0\u00bb90deg\u00a0\u00bb sticky_enabled=\u00a0\u00bb0&Prime;][et_pb_row column_structure=\u00a0\u00bb3_5,2_5&Prime; module_class=\u00a0\u00bbdiscover-row\u00a0\u00bb _builder_version=\u00a0\u00bb4.7.5&Prime; _module_preset=\u00a0\u00bbdefault\u00a0\u00bb][et_pb_column type=\u00a0\u00bb3_5&Prime; _builder_version=\u00a0\u00bb4.7.5&Prime; _module_preset=\u00a0\u00bbdefault\u00a0\u00bb][et_pb_text module_class=\u00a0\u00bbbanner-text\u00a0\u00bb _builder_version=\u00a0\u00bb4.7.5&Prime; _module_preset=\u00a0\u00bbdefault\u00a0\u00bb text_font=\u00a0\u00bb||||||||\u00a0\u00bb text_font_size=\u00a0\u00bb20px\u00a0\u00bb custom_margin=\u00a0\u00bb||20px||false|false\u00a0\u00bb custom_padding=\u00a0\u00bb||0px||false|false\u00a0\u00bb locked=\u00a0\u00bboff\u00a0\u00bb]<\/p>\n<h1>\u00c0 propos de RCT<\/h1>\n<p>[\/et_pb_text][et_pb_text module_class=\u00a0\u00bbdiscover-text1&Prime; _builder_version=\u00a0\u00bb4.7.5&Prime; _module_preset=\u00a0\u00bbdefault\u00a0\u00bb text_text_color=\u00a0\u00bb#ffffff\u00a0\u00bb text_font_size=\u00a0\u00bb22px\u00a0\u00bb text_font_size_tablet=\u00a0\u00bb18px\u00a0\u00bb text_font_size_phone=\u00a0\u00bb16px\u00a0\u00bb text_font_size_last_edited=\u00a0\u00bbon|phone\u00a0\u00bb][\/et_pb_text][\/et_pb_column][et_pb_column type=\u00a0\u00bb2_5&Prime; _builder_version=\u00a0\u00bb4.7.5&Prime; _module_preset=\u00a0\u00bbdefault\u00a0\u00bb][\/et_pb_column][\/et_pb_row][\/et_pb_section][et_pb_section fb_built=\u00a0\u00bb1&Prime; custom_padding_last_edited=\u00a0\u00bbon|phone\u00a0\u00bb admin_label=\u00a0\u00bbWho We Are\u00a0\u00bb module_class=\u00a0\u00bbwho-sec\u00a0\u00bb _builder_version=\u00a0\u00bb4.7.5&Prime; _module_preset=\u00a0\u00bbdefault\u00a0\u00bb custom_margin_tablet=\u00a0\u00bb\u00a0\u00bb custom_margin_phone=\u00a0\u00bb50px||||false|false\u00a0\u00bb custom_margin_last_edited=\u00a0\u00bbon|phone\u00a0\u00bb custom_padding=\u00a0\u00bb||0px||false|false\u00a0\u00bb custom_padding_tablet=\u00a0\u00bb\u00a0\u00bb custom_padding_phone=\u00a0\u00bb50px||||false|false\u00a0\u00bb collapsed=\u00a0\u00bbon\u00a0\u00bb][et_pb_row module_class=\u00a0\u00bbabout-row\u00a0\u00bb _builder_version=\u00a0\u00bb4.7.5&Prime; _module_preset=\u00a0\u00bbdefault\u00a0\u00bb width=\u00a0\u00bb100%\u00a0\u00bb max_width=\u00a0\u00bb1170px\u00a0\u00bb][et_pb_column type=\u00a0\u00bb4_4&Prime; _builder_version=\u00a0\u00bb4.7.5&Prime; _module_preset=\u00a0\u00bbdefault\u00a0\u00bb][et_pb_text _builder_version=\u00a0\u00bb4.7.5&Prime; _module_preset=\u00a0\u00bbdefault\u00a0\u00bb]<\/p>\n<h2 style=\"text-align: center;\"><span>QUI EST RCT?<\/span><\/h2>\n<p style=\"text-align: center;\"><span>Renewed Computer Technology (RCT) est un organisme de bienfaisance, sans but lucratif, qui fournit aux apprenants, aux \u00e9ducateurs et aux organismes sans but lucratif un acc\u00e8s accru aux technologies de l&rsquo;information et des communications (TIC) ainsi qu&rsquo;\u00e0<\/span><v><span>&nbsp;<\/span>des possibilit\u00e9s de d\u00e9veloppement des comp\u00e9tences et d&rsquo;apprentissage, d&rsquo;une mani\u00e8re responsable sur les plans social et environnemental.<\/v><\/p>\n<p>[\/et_pb_text][\/et_pb_column][\/et_pb_row][et_pb_row column_structure=\u00a0\u00bb1_3,1_3,1_3&Prime; module_class=\u00a0\u00bbabout-row2 about-row-no-padding\u00a0\u00bb _builder_version=\u00a0\u00bb4.7.5&Prime; _module_preset=\u00a0\u00bbdefault\u00a0\u00bb background_enable_image=\u00a0\u00bboff\u00a0\u00bb width=\u00a0\u00bb100%\u00a0\u00bb max_width=\u00a0\u00bb1170px\u00a0\u00bb][et_pb_column type=\u00a0\u00bb1_3&Prime; module_class=\u00a0\u00bbabout-row2 col1&Prime; _builder_version=\u00a0\u00bb4.7.5&Prime; _module_preset=\u00a0\u00bbdefault\u00a0\u00bb][et_pb_image src=\u00a0\u00bbhttps:\/\/rcto.wpengine.com\/wp-content\/uploads\/2022\/03\/about1.png\u00a0\u00bb title_text=\u00a0\u00bbabout1&Prime; module_class=\u00a0\u00bbabout-img\u00a0\u00bb _builder_version=\u00a0\u00bb4.7.5&Prime; _module_preset=\u00a0\u00bbdefault\u00a0\u00bb][\/et_pb_image][et_pb_text module_class=\u00a0\u00bbabout-row2 text about-us-page-text-block\u00a0\u00bb _builder_version=\u00a0\u00bb4.7.5&Prime; _module_preset=\u00a0\u00bbdefault\u00a0\u00bb]<\/p>\n<h4 style=\"text-align: center;\"><span>VISION DE RCT&nbsp;<\/span><\/h4>\n<p style=\"text-align: center;\"><span>RCT \u00e9largit les esprits en augmentant l&rsquo;acc\u00e8s \u00e0<\/span><v><span>&nbsp;<\/span>la technologie<\/v><\/p>\n<p>[\/et_pb_text][\/et_pb_column][et_pb_column type=\u00a0\u00bb1_3&Prime; module_class=\u00a0\u00bbabout-row2 col2&Prime; _builder_version=\u00a0\u00bb4.7.5&Prime; _module_preset=\u00a0\u00bbdefault\u00a0\u00bb background_enable_image=\u00a0\u00bboff\u00a0\u00bb][et_pb_image src=\u00a0\u00bbhttps:\/\/rcto.ca\/wp-content\/uploads\/2022\/08\/mission.jpg\u00a0\u00bb title_text=\u00a0\u00bbmission\u00a0\u00bb module_class=\u00a0\u00bbabout-img\u00a0\u00bb _builder_version=\u00a0\u00bb4.7.5&Prime; _module_preset=\u00a0\u00bbdefault\u00a0\u00bb][\/et_pb_image][et_pb_text module_class=\u00a0\u00bbabout-row2 text about-us-page-text-block\u00a0\u00bb _builder_version=\u00a0\u00bb4.7.5&Prime; _module_preset=\u00a0\u00bbdefault\u00a0\u00bb]<\/p>\n<h4 style=\"text-align: center;\"><span>MISSION DE RCT \/ CE QUE NOUS FAISONS&nbsp;<\/span><\/h4>\n<p style=\"text-align: center;\"><span>RCT est une entreprise sociale qui offre des avantages sur le plan social, \u00e9conomique et environnemental. Nous accomplissons ceci comme suit :<\/span><\/p>\n<ul>\n<li style=\"text-align: justify;\"><span>En fournissant aux apprenants des technologies de l&rsquo;information et des communications (TIC) remises \u00e0<\/span><v><span>&nbsp;<\/span>neuf<\/v><\/li>\n<li style=\"text-align: justify;\"><span>En offrant des possibilit\u00e9s de formation et de d\u00e9veloppement des comp\u00e9tences de travail aux jeunes et aux b\u00e9n\u00e9voles<\/span><\/li>\n<li style=\"text-align: justify;\"><span>En permettant aux organismes de mettre en \u0153uvre leurs programmes de responsabilit\u00e9<\/span><v><span>&nbsp;<\/span>sociale<\/v><\/li>\n<\/ul>\n<p>[\/et_pb_text][\/et_pb_column][et_pb_column type=\u00a0\u00bb1_3&Prime; module_class=\u00a0\u00bbabout-row2 col3&Prime; _builder_version=\u00a0\u00bb4.7.5&Prime; _module_preset=\u00a0\u00bbdefault\u00a0\u00bb][et_pb_image src=\u00a0\u00bbhttps:\/\/rcto.wpengine.com\/wp-content\/uploads\/2022\/03\/about3.png\u00a0\u00bb title_text=\u00a0\u00bbabout3&Prime; module_class=\u00a0\u00bbabout-img\u00a0\u00bb _builder_version=\u00a0\u00bb4.7.5&Prime; _module_preset=\u00a0\u00bbdefault\u00a0\u00bb][\/et_pb_image][et_pb_text module_class=\u00a0\u00bbabout-row2 text about-us-page-text-block\u00a0\u00bb _builder_version=\u00a0\u00bb4.7.5&Prime; _module_preset=\u00a0\u00bbdefault\u00a0\u00bb]<\/p>\n<h4 style=\"text-align: center;\"><span>VALEURS DE RCT&nbsp;<\/span><\/h4>\n<p style=\"text-align: center;\"><span>En tant qu&rsquo;entreprise sociale, nous favorisons :<\/span><\/p>\n<ul>\n<li style=\"text-align: justify;\"><b><strong>La collaboration<\/strong>:<\/b> <span>Nous entretenons nos rapports avec notre \u00e9quipe, nos r\u00e9cipiendaires et nos partenaires<\/span><\/li>\n<li style=\"text-align: justify;\"><b><strong>L&rsquo;apprentissage<\/strong>:&nbsp;<\/b><span>Nous offrons des possibilit\u00e9s d&rsquo;apprentissage<\/span><\/li>\n<li style=\"text-align: justify;\"><b><strong>Le leadership environnemental<\/strong>:<\/b> <span>Nous jouons un r\u00f4le de leadership en ayant recours \u00e0<\/span><v><span>&nbsp;<\/span>des pratiques de r\u00e9utilisation et de recyclage qui sont responsables et respectueuses de l&rsquo;environnement<\/v><\/li>\n<li style=\"text-align: justify;\"><b><strong>La qualit\u00e9<\/strong><v><span>&nbsp;<\/span><\/v>: <\/b><span>Nous sommes fiers de nos processus et pratiques qui offrent des produits et services de qualit\u00e9<\/span><\/li>\n<li style=\"text-align: justify;\"><b><strong>Le comportement \u00e9thique<\/strong><span>&nbsp;<\/span>:&nbsp;<\/b><span>Le comportement \u00e9thique oriente tout notre organisme<\/span><\/li>\n<\/ul>\n<p>[\/et_pb_text][\/et_pb_column][\/et_pb_row][\/et_pb_section][et_pb_section fb_built=\u00a0\u00bb1&Prime; custom_padding_last_edited=\u00a0\u00bbon|desktop\u00a0\u00bb admin_label=\u00a0\u00bbPrograms\u00a0\u00bb _builder_version=\u00a0\u00bb4.7.5&Prime; _module_preset=\u00a0\u00bbdefault\u00a0\u00bb custom_padding=\u00a0\u00bb||||false|false\u00a0\u00bb custom_padding_tablet=\u00a0\u00bb\u00a0\u00bb custom_padding_phone=\u00a0\u00bb0px||||false|false\u00a0\u00bb global_module=\u00a0\u00bb1422&Prime; saved_tabs=\u00a0\u00bball\u00a0\u00bb collapsed=\u00a0\u00bboff\u00a0\u00bb][et_pb_row column_structure=\u00a0\u00bb1_3,1_3,1_3&Prime; module_class=\u00a0\u00bbpro-row-1&Prime; _builder_version=\u00a0\u00bb4.7.5&Prime; _module_preset=\u00a0\u00bbdefault\u00a0\u00bb][et_pb_column type=\u00a0\u00bb1_3&Prime; module_class=\u00a0\u00bbprogram-col1 program-no-height\u00a0\u00bb _builder_version=\u00a0\u00bb4.7.5&Prime; _module_preset=\u00a0\u00bbdefault\u00a0\u00bb background_color=\u00a0\u00bb#47aa66&Prime;][et_pb_image src=\u00a0\u00bbhttps:\/\/rcto.wpengine.com\/wp-content\/uploads\/2022\/03\/pro1.png\u00a0\u00bb title_text=\u00a0\u00bbpro1&Prime; module_class=\u00a0\u00bbpro-img\u00a0\u00bb _builder_version=\u00a0\u00bb4.7.5&Prime; _module_preset=\u00a0\u00bbdefault\u00a0\u00bb][\/et_pb_image][et_pb_text module_class=\u00a0\u00bbimpact-text-tablet\u00a0\u00bb _builder_version=\u00a0\u00bb4.7.5&Prime; _module_preset=\u00a0\u00bbdefault\u00a0\u00bb background_enable_color=\u00a0\u00bboff\u00a0\u00bb custom_padding=\u00a0\u00bb||30px||false|false\u00a0\u00bb custom_padding_last_edited=\u00a0\u00bboff|desktop\u00a0\u00bb]<\/p>\n<h4 style=\"text-align: center;\">IMPACTS<\/h4>\n<p style=\"text-align: center;\" >Social. \u00e9conomique. Environnement.<\/p>\n<p style=\"text-align: center;\" class=\"pro-link\"><a href=\"\/fr\/impacts\/\">Savoir plus<\/a><\/p>\n<p>[\/et_pb_text][\/et_pb_column][et_pb_column type=\u00a0\u00bb1_3&Prime; module_class=\u00a0\u00bbprogram-col2 program-no-height\u00a0\u00bb _builder_version=\u00a0\u00bb4.7.5&Prime; _module_preset=\u00a0\u00bbdefault\u00a0\u00bb background_color=\u00a0\u00bb#65d3c2&Prime;][et_pb_image src=\u00a0\u00bbhttps:\/\/rcto.wpengine.com\/wp-content\/uploads\/2022\/07\/pro2.png\u00a0\u00bb title_text=\u00a0\u00bbpro2&Prime; module_class=\u00a0\u00bbpro-img\u00a0\u00bb _builder_version=\u00a0\u00bb4.7.5&Prime; _module_preset=\u00a0\u00bbdefault\u00a0\u00bb][\/et_pb_image][et_pb_text _builder_version=\u00a0\u00bb4.7.5&Prime; _module_preset=\u00a0\u00bbdefault\u00a0\u00bb background_enable_color=\u00a0\u00bboff\u00a0\u00bb custom_padding=\u00a0\u00bb||30px||false|false\u00a0\u00bb]<\/p>\n<h4 style=\"text-align: center;\">INSPIRATION<\/h4>\n<p style=\"text-align: center;\"><span>Ce qui a inspir\u00e9 notre travail<\/span><\/p>\n<p style=\"text-align: center;\" class=\"pro-link\"><a href=\"\/fr\/inspiration\/\">Savoir plus<\/a><\/p>\n<p>[\/et_pb_text][\/et_pb_column][et_pb_column type=\u00a0\u00bb1_3&Prime; module_class=\u00a0\u00bbprogram-col3 program-no-height\u00a0\u00bb _builder_version=\u00a0\u00bb4.7.5&Prime; _module_preset=\u00a0\u00bbdefault\u00a0\u00bb background_color=\u00a0\u00bb#febd40&Prime;][et_pb_image src=\u00a0\u00bbhttps:\/\/rcto.wpengine.com\/wp-content\/uploads\/2022\/08\/Spotlight-352px-X-290px.png\u00a0\u00bb title_text=\u00a0\u00bbSpotlight 352px X 290px\u00a0\u00bb module_class=\u00a0\u00bbpro-img\u00a0\u00bb _builder_version=\u00a0\u00bb4.7.5&Prime; _module_preset=\u00a0\u00bbdefault\u00a0\u00bb][\/et_pb_image][et_pb_text module_class=\u00a0\u00bbpro-text1&Prime; _builder_version=\u00a0\u00bb4.7.5&Prime; _module_preset=\u00a0\u00bbdefault\u00a0\u00bb background_enable_color=\u00a0\u00bboff\u00a0\u00bb custom_padding=\u00a0\u00bb||30px||false|false\u00a0\u00bb]<\/p>\n<h4 style=\"text-align: center;\">PROJECTEUR<\/h4>\n<p style=\"text-align: center;\">Notre reportage<\/p>\n<p style=\"text-align: center;\" class=\"pro-link\"><a href=\"\/fr\/nouvelles\/\">Savoir plus<\/a><\/p>\n<p>[\/et_pb_text][\/et_pb_column][\/et_pb_row][\/et_pb_section][et_pb_section fb_built=\u00a0\u00bb1&Prime; admin_label=\u00a0\u00bbNews\u00a0\u00bb module_class=\u00a0\u00bbblog-sec\u00a0\u00bb _builder_version=\u00a0\u00bb4.7.5&Prime; _module_preset=\u00a0\u00bbdefault\u00a0\u00bb custom_padding=\u00a0\u00bb0px||||false|false\u00a0\u00bb global_module=\u00a0\u00bb1423&Prime; saved_tabs=\u00a0\u00bball\u00a0\u00bb collapsed=\u00a0\u00bboff\u00a0\u00bb][et_pb_row _builder_version=\u00a0\u00bb4.7.5&Prime; _module_preset=\u00a0\u00bbdefault\u00a0\u00bb][et_pb_column type=\u00a0\u00bb4_4&Prime; _builder_version=\u00a0\u00bb4.7.5&Prime; _module_preset=\u00a0\u00bbdefault\u00a0\u00bb][et_pb_text module_class=\u00a0\u00bbnews-title\u00a0\u00bb _builder_version=\u00a0\u00bb4.7.5&Prime; _module_preset=\u00a0\u00bbdefault\u00a0\u00bb]<\/p>\n<h2 style=\"text-align: center;\">Nouvelles<\/h2>\n<p>[\/et_pb_text][et_pb_text disabled_on=\u00a0\u00bbon|on|on\u00a0\u00bb _builder_version=\u00a0\u00bb4.7.5&Prime; _module_preset=\u00a0\u00bbdefault\u00a0\u00bb disabled=\u00a0\u00bbon\u00a0\u00bb]<style type='text\/css' media='all'>#rt-tpg-container-2970233468 .rt-holder .rt-woo-info .price{color:#0367bf;}body .rt-tpg-container .rt-tpg-isotope-buttons .selected,\n\t\t\t\t\t#rt-tpg-container-2970233468 .layout12 .rt-holder:hover .rt-detail,\n\t\t\t\t\t#rt-tpg-container-2970233468 .isotope8 .rt-holder:hover .rt-detail,\n\t\t\t\t\t#rt-tpg-container-2970233468 .carousel8 .rt-holder:hover .rt-detail,\n\t\t\t\t\t#rt-tpg-container-2970233468 .layout13 .rt-holder .overlay .post-info,\n\t\t\t\t\t#rt-tpg-container-2970233468 .isotope9 .rt-holder .overlay .post-info,\n\t\t\t\t\t#rt-tpg-container-2970233468.rt-tpg-container .layout4 .rt-holder .rt-detail,\n\t\t\t\t\t.rt-modal-2970233468 .md-content,\n\t\t\t\t\t.rt-modal-2970233468 .md-content > .rt-md-content-holder .rt-md-content,\n\t\t\t\t\t.rt-popup-wrap-2970233468.rt-popup-wrap .rt-popup-navigation-wrap,\n\t\t\t\t\t#rt-tpg-container-2970233468 .carousel9 .rt-holder .overlay .post-info{background-color:#0367bf;}#rt-tpg-container-2970233468 .layout5 .rt-holder .overlay, #rt-tpg-container-2970233468 .isotope2 .rt-holder .overlay, #rt-tpg-container-2970233468 .carousel2 .rt-holder .overlay,#rt-tpg-container-2970233468 .layout15 .rt-holder h3, #rt-tpg-container-2970233468 .isotope11 .rt-holder h3, #rt-tpg-container-2970233468 .carousel11 .rt-holder h3, #rt-tpg-container-2970233468 .layout16 .rt-holder h3,\n\t\t\t\t\t#rt-tpg-container-2970233468 .isotope12 .rt-holder h3, #rt-tpg-container-2970233468 .carousel12 .rt-holder h3 {background-color:rgba(3,103,191,0.8);}#rt-tpg-container-2970233468 .read-more a{border-radius:px;}#rt-tpg-container-2970233468 .rt-img-holder img.rt-img-responsive,#rt-tpg-container-2970233468 .rt-img-holder,\n\t\t\t\t\t#rt-tpg-container-2970233468 .rt-post-overlay .post-img,\n\t\t\t\t\t#rt-tpg-container-2970233468 .post-sm .post-img,\n\t\t\t\t\t#rt-tpg-container-2970233468 .rt-post-grid .post-img,\n\t\t\t\t\t#rt-tpg-container-2970233468 .post-img img {border-radius:px;}<\/style><div class='rt-container-fluid rt-tpg-container tpg-shortcode-main-wrapper ' id='rt-tpg-container-2970233468'   data-layout='layout1' data-grid-style='even' data-desktop-col='3'  data-tab-col='2'  data-mobile-col='1' data-sc-id='1287'><div data-title='Loading ...' class='rt-row rt-content-loader   layout1 tpg-even '><p>No post found<\/p><\/div><\/div>[\/et_pb_text][\/et_pb_column][\/et_pb_row][et_pb_row module_class=\u00a0\u00bbemail-row\u00a0\u00bb _builder_version=\u00a0\u00bb4.7.5&Prime; _module_preset=\u00a0\u00bbdefault\u00a0\u00bb background_color=\u00a0\u00bb#00946d\u00a0\u00bb width=\u00a0\u00bb100%\u00a0\u00bb max_width=\u00a0\u00bb1170px\u00a0\u00bb locked=\u00a0\u00bboff\u00a0\u00bb][et_pb_column type=\u00a0\u00bb4_4&Prime; _builder_version=\u00a0\u00bb4.7.5&Prime; _module_preset=\u00a0\u00bbdefault\u00a0\u00bb][et_pb_text disabled_on=\u00a0\u00bbon|on|on\u00a0\u00bb module_class=\u00a0\u00bbnewsletter\u00a0\u00bb _builder_version=\u00a0\u00bb4.7.5&Prime; _module_preset=\u00a0\u00bbdefault\u00a0\u00bb disabled=\u00a0\u00bbon\u00a0\u00bb]<\/p>\n<h4>Rejoignez notre newsletter par e-mail<\/h4>\n<p>\n<div class=\"wpcf7 no-js\" id=\"wpcf7-f1321-o1\" lang=\"en-US\" dir=\"ltr\">\n<div class=\"screen-reader-response\"><p role=\"status\" aria-live=\"polite\" aria-atomic=\"true\"><\/p> <ul><\/ul><\/div>\n<form action=\"\/fr\/wp-json\/wp\/v2\/pages\/1271#wpcf7-f1321-o1\" method=\"post\" class=\"wpcf7-form init\" aria-label=\"Contact form\" novalidate=\"novalidate\" data-status=\"init\">\n<div style=\"display: none;\">\n<input type=\"hidden\" name=\"_wpcf7\" value=\"1321\" \/>\n<input type=\"hidden\" name=\"_wpcf7_version\" value=\"5.9.8\" \/>\n<input type=\"hidden\" name=\"_wpcf7_locale\" value=\"en_US\" \/>\n<input type=\"hidden\" name=\"_wpcf7_unit_tag\" value=\"wpcf7-f1321-o1\" \/>\n<input type=\"hidden\" name=\"_wpcf7_container_post\" value=\"0\" \/>\n<input type=\"hidden\" name=\"_wpcf7_posted_data_hash\" value=\"\" \/>\n<\/div>\n<div style=\"display:flex;\">\n\t<p><span class=\"wpcf7-form-control-wrap\" data-name=\"firstname\"><input size=\"40\" maxlength=\"400\" class=\"wpcf7-form-control wpcf7-text wpcf7-validates-as-required newsletter-firstname\" aria-required=\"true\" aria-invalid=\"false\" placeholder=\"Pr\u00e9nom\" value=\"\" type=\"text\" name=\"firstname\" \/><\/span>\n\t<\/p>\n\t<p><span class=\"wpcf7-form-control-wrap\" data-name=\"lastname\"><input size=\"40\" maxlength=\"400\" class=\"wpcf7-form-control wpcf7-text wpcf7-validates-as-required newsletter-lastname\" aria-required=\"true\" aria-invalid=\"false\" placeholder=\"Nom de famille\" value=\"\" type=\"text\" name=\"lastname\" \/><\/span>\n\t<\/p>\n\t<p><span class=\"wpcf7-form-control-wrap\" data-name=\"company\"><input size=\"40\" maxlength=\"400\" class=\"wpcf7-form-control wpcf7-text wpcf7-validates-as-required newsletter-com\" aria-required=\"true\" aria-invalid=\"false\" placeholder=\"Soci\u00e9t\u00e9\" value=\"\" type=\"text\" name=\"company\" \/><\/span>\n\t<\/p>\n\t<p><span class=\"wpcf7-form-control-wrap\" data-name=\"email\"><input size=\"40\" maxlength=\"400\" class=\"wpcf7-form-control wpcf7-email wpcf7-validates-as-required wpcf7-text wpcf7-validates-as-email newsletter-email\" aria-required=\"true\" aria-invalid=\"false\" placeholder=\"E-mail\" value=\"\" type=\"email\" name=\"email\" \/><\/span>\n\t<\/p>\n<\/div>\n<div class=\"checkbox-div\">\n\t<p><label> Je suis int\u00e9ress\u00e9 par:<\/label>\n\t<\/p>\n\t<p><span class=\"wpcf7-form-control-wrap\" data-name=\"technology\"><span class=\"wpcf7-form-control wpcf7-checkbox newsletter-checkbox\"><span class=\"wpcf7-list-item first\"><label><input type=\"checkbox\" name=\"technology[]\" value=\"Technologie de commande\" \/><span class=\"wpcf7-list-item-label\">Technologie de commande<\/span><\/label><\/span><span class=\"wpcf7-list-item last\"><label><input type=\"checkbox\" name=\"technology[]\" value=\"Don de technologie\" \/><span class=\"wpcf7-list-item-label\">Don de technologie<\/span><\/label><\/span><\/span><\/span>\n\t<\/p>\n\t<p><input class=\"wpcf7-form-control wpcf7-submit has-spinner subscribe-button\" type=\"submit\" value=\"S&#039;abonner\" \/>\n\t<\/p>\n<\/div><div class=\"wpcf7-response-output\" aria-hidden=\"true\"><\/div>\n<\/form>\n<\/div>\n[\/et_pb_text][\/et_pb_column][\/et_pb_row][\/et_pb_section]<\/p>\n","protected":false},"excerpt":{"rendered":"<p>[et_pb_section fb_built=\u00a0\u00bb1&Prime; disabled_on=\u00a0\u00bboff|off|off\u00a0\u00bb admin_label=\u00a0\u00bbDiscover\u00a0\u00bb module_class=\u00a0\u00bbdiscover-sec\u00a0\u00bb _builder_version=\u00a0\u00bb4.7.5&Prime; _module_preset=\u00a0\u00bbdefault\u00a0\u00bb background_image=\u00a0\u00bbhttps:\/\/rcto.ca\/wp-content\/uploads\/2022\/08\/D6C0A8BF-6723-4DFD-B6B0-B1816BA5310F.png\u00a0\u00bb custom_padding=\u00a0\u00bb150px||150px||false|false\u00a0\u00bb hover_enabled=\u00a0\u00bb0&Prime; locked=\u00a0\u00bboff\u00a0\u00bb collapsed=\u00a0\u00bboff\u00a0\u00bb title_text=\u00a0\u00bbD6C0A8BF-6723-4DFD-B6B0-B1816BA5310F\u00a0\u00bb use_background_color_gradient=\u00a0\u00bbon\u00a0\u00bb background_color_gradient_start=\u00a0\u00bb#000000&Prime; background_color_gradient_end=\u00a0\u00bbrgba(0,0,0,0)\u00a0\u00bb background_color_gradient_start_position=\u00a0\u00bb-42%\u00a0\u00bb background_color_gradient_overlays_image=\u00a0\u00bbon\u00a0\u00bb background_color_gradient_direction=\u00a0\u00bb90deg\u00a0\u00bb sticky_enabled=\u00a0\u00bb0&Prime;][et_pb_row column_structure=\u00a0\u00bb3_5,2_5&Prime; module_class=\u00a0\u00bbdiscover-row\u00a0\u00bb _builder_version=\u00a0\u00bb4.7.5&Prime; _module_preset=\u00a0\u00bbdefault\u00a0\u00bb][et_pb_column type=\u00a0\u00bb3_5&Prime; _builder_version=\u00a0\u00bb4.7.5&Prime; _module_preset=\u00a0\u00bbdefault\u00a0\u00bb][et_pb_text module_class=\u00a0\u00bbbanner-text\u00a0\u00bb _builder_version=\u00a0\u00bb4.7.5&Prime; _module_preset=\u00a0\u00bbdefault\u00a0\u00bb text_font=\u00a0\u00bb||||||||\u00a0\u00bb text_font_size=\u00a0\u00bb20px\u00a0\u00bb custom_margin=\u00a0\u00bb||20px||false|false\u00a0\u00bb custom_padding=\u00a0\u00bb||0px||false|false\u00a0\u00bb locked=\u00a0\u00bboff\u00a0\u00bb] \u00c0 propos de RCT [\/et_pb_text][et_pb_text module_class=\u00a0\u00bbdiscover-text1&Prime; _builder_version=\u00a0\u00bb4.7.5&Prime; _module_preset=\u00a0\u00bbdefault\u00a0\u00bb text_text_color=\u00a0\u00bb#ffffff\u00a0\u00bb text_font_size=\u00a0\u00bb22px\u00a0\u00bb text_font_size_tablet=\u00a0\u00bb18px\u00a0\u00bb text_font_size_phone=\u00a0\u00bb16px\u00a0\u00bb text_font_size_last_edited=\u00a0\u00bbon|phone\u00a0\u00bb][\/et_pb_text][\/et_pb_column][et_pb_column type=\u00a0\u00bb2_5&Prime; _builder_version=\u00a0\u00bb4.7.5&Prime; _module_preset=\u00a0\u00bbdefault\u00a0\u00bb][\/et_pb_column][\/et_pb_row][\/et_pb_section][et_pb_section fb_built=\u00a0\u00bb1&Prime; custom_padding_last_edited=\u00a0\u00bbon|phone\u00a0\u00bb admin_label=\u00a0\u00bbWho We [&hellip;]<\/p>\n","protected":false},"author":3,"featured_media":0,"parent":0,"menu_order":0,"comment_status":"closed","ping_status":"closed","template":"","meta":{"_et_pb_use_builder":"on","_et_pb_old_content":"<!-- wp:divi\/placeholder \/-->","_et_gb_content_width":""},"featured_image_src":null,"featured_image_src_square":null,"rttpg_featured_image_url":null,"rttpg_author":{"display_name":"content","author_link":"https:\/\/rcto.ca\/fr\/author\/content\/"},"rttpg_comment":0,"rttpg_category":" <a href=\"https:\/\/rcto.ca\/fr\/?taxonomy=translation_priority&#038;term=facultatif\" rel=\"tag\">Facultatif<\/a>","rttpg_excerpt":"[et_pb_section fb_built=\u00a0\u00bb1&Prime; disabled_on=\u00a0\u00bboff|off|off\u00a0\u00bb admin_label=\u00a0\u00bbDiscover\u00a0\u00bb module_class=\u00a0\u00bbdiscover-sec\u00a0\u00bb _builder_version=\u00a0\u00bb4.7.5&Prime; _module_preset=\u00a0\u00bbdefault\u00a0\u00bb background_image=\u00a0\u00bbhttps:\/\/rcto.ca\/wp-content\/uploads\/2022\/08\/D6C0A8BF-6723-4DFD-B6B0-B1816BA5310F.png\u00a0\u00bb custom_padding=\u00a0\u00bb150px||150px||false|false\u00a0\u00bb hover_enabled=\u00a0\u00bb0&Prime; locked=\u00a0\u00bboff\u00a0\u00bb collapsed=\u00a0\u00bboff\u00a0\u00bb title_text=\u00a0\u00bbD6C0A8BF-6723-4DFD-B6B0-B1816BA5310F\u00a0\u00bb use_background_color_gradient=\u00a0\u00bbon\u00a0\u00bb background_color_gradient_start=\u00a0\u00bb#000000&Prime; background_color_gradient_end=\u00a0\u00bbrgba(0,0,0,0)\u00a0\u00bb background_color_gradient_start_position=\u00a0\u00bb-42%\u00a0\u00bb background_color_gradient_overlays_image=\u00a0\u00bbon\u00a0\u00bb background_color_gradient_direction=\u00a0\u00bb90deg\u00a0\u00bb sticky_enabled=\u00a0\u00bb0&Prime;][et_pb_row column_structure=\u00a0\u00bb3_5,2_5&Prime; module_class=\u00a0\u00bbdiscover-row\u00a0\u00bb _builder_version=\u00a0\u00bb4.7.5&Prime; _module_preset=\u00a0\u00bbdefault\u00a0\u00bb][et_pb_column type=\u00a0\u00bb3_5&Prime; _builder_version=\u00a0\u00bb4.7.5&Prime; _module_preset=\u00a0\u00bbdefault\u00a0\u00bb][et_pb_text module_class=\u00a0\u00bbbanner-text\u00a0\u00bb _builder_version=\u00a0\u00bb4.7.5&Prime; _module_preset=\u00a0\u00bbdefault\u00a0\u00bb text_font=\u00a0\u00bb||||||||\u00a0\u00bb text_font_size=\u00a0\u00bb20px\u00a0\u00bb custom_margin=\u00a0\u00bb||20px||false|false\u00a0\u00bb custom_padding=\u00a0\u00bb||0px||false|false\u00a0\u00bb locked=\u00a0\u00bboff\u00a0\u00bb] \u00c0 propos de RCT [\/et_pb_text][et_pb_text module_class=\u00a0\u00bbdiscover-text1&Prime; _builder_version=\u00a0\u00bb4.7.5&Prime; _module_preset=\u00a0\u00bbdefault\u00a0\u00bb text_text_color=\u00a0\u00bb#ffffff\u00a0\u00bb text_font_size=\u00a0\u00bb22px\u00a0\u00bb text_font_size_tablet=\u00a0\u00bb18px\u00a0\u00bb text_font_size_phone=\u00a0\u00bb16px\u00a0\u00bb text_font_size_last_edited=\u00a0\u00bbon|phone\u00a0\u00bb][\/et_pb_text][\/et_pb_column][et_pb_column type=\u00a0\u00bb2_5&Prime; _builder_version=\u00a0\u00bb4.7.5&Prime; _module_preset=\u00a0\u00bbdefault\u00a0\u00bb][\/et_pb_column][\/et_pb_row][\/et_pb_section][et_pb_section fb_built=\u00a0\u00bb1&Prime; custom_padding_last_edited=\u00a0\u00bbon|phone\u00a0\u00bb admin_label=\u00a0\u00bbWho We\u2026","_links":{"self":[{"href":"https:\/\/rcto.ca\/fr\/wp-json\/wp\/v2\/pages\/1271"}],"collection":[{"href":"https:\/\/rcto.ca\/fr\/wp-json\/wp\/v2\/pages"}],"about":[{"href":"https:\/\/rcto.ca\/fr\/wp-json\/wp\/v2\/types\/page"}],"author":[{"embeddable":true,"href":"https:\/\/rcto.ca\/fr\/wp-json\/wp\/v2\/users\/3"}],"replies":[{"embeddable":true,"href":"https:\/\/rcto.ca\/fr\/wp-json\/wp\/v2\/comments?post=1271"}],"version-history":[{"count":0,"href":"https:\/\/rcto.ca\/fr\/wp-json\/wp\/v2\/pages\/1271\/revisions"}],"wp:attachment":[{"href":"https:\/\/rcto.ca\/fr\/wp-json\/wp\/v2\/media?parent=1271"}],"curies":[{"name":"wp","href":"https:\/\/api.w.org\/{rel}","templated":true}]}}