{"id":1308,"date":"2022-04-21T17:09:53","date_gmt":"2022-04-21T17:09:53","guid":{"rendered":"https:\/\/rcto.wpengine.com\/?page_id=1308"},"modified":"2022-08-30T12:38:11","modified_gmt":"2022-08-30T12:38:11","slug":"nouvelles","status":"publish","type":"page","link":"https:\/\/rcto.ca\/fr\/nouvelles\/","title":{"rendered":"NOUVELLES"},"content":{"rendered":"<p>[et_pb_section fb_built=\u00a0\u00bb1&Prime; disabled_on=\u00a0\u00bboff|off|off\u00a0\u00bb admin_label=\u00a0\u00bbDiscover\u00a0\u00bb module_class=\u00a0\u00bbdiscover-sec\u00a0\u00bb _builder_version=\u00a0\u00bb4.7.5&Prime; _module_preset=\u00a0\u00bbdefault\u00a0\u00bb background_image=\u00a0\u00bbhttps:\/\/rcto.wpengine.com\/wp-content\/uploads\/2022\/08\/D6C0A8BF-6723-4DFD-B6B0-B1816BA5310F.png\u00a0\u00bb custom_padding=\u00a0\u00bb150px||150px||false|false\u00a0\u00bb hover_enabled=\u00a0\u00bb0&Prime; locked=\u00a0\u00bboff\u00a0\u00bb collapsed=\u00a0\u00bboff\u00a0\u00bb use_background_color_gradient=\u00a0\u00bbon\u00a0\u00bb background_color_gradient_start=\u00a0\u00bb#000000&Prime; background_color_gradient_end=\u00a0\u00bbrgba(0,0,0,0)\u00a0\u00bb background_color_gradient_direction=\u00a0\u00bb90deg\u00a0\u00bb background_color_gradient_start_position=\u00a0\u00bb-42%\u00a0\u00bb background_color_gradient_overlays_image=\u00a0\u00bbon\u00a0\u00bb sticky_enabled=\u00a0\u00bb0&Prime;][et_pb_row column_structure=\u00a0\u00bb3_5,2_5&Prime; module_class=\u00a0\u00bbdiscover-row\u00a0\u00bb _builder_version=\u00a0\u00bb4.7.5&Prime; _module_preset=\u00a0\u00bbdefault\u00a0\u00bb][et_pb_column type=\u00a0\u00bb3_5&Prime; _builder_version=\u00a0\u00bb4.7.5&Prime; _module_preset=\u00a0\u00bbdefault\u00a0\u00bb][et_pb_text module_class=\u00a0\u00bbbanner-text\u00a0\u00bb _builder_version=\u00a0\u00bb4.7.5&Prime; _module_preset=\u00a0\u00bbdefault\u00a0\u00bb text_font=\u00a0\u00bb||||||||\u00a0\u00bb text_font_size=\u00a0\u00bb20px\u00a0\u00bb custom_margin=\u00a0\u00bb||20px||false|false\u00a0\u00bb custom_padding=\u00a0\u00bb||0px||false|false\u00a0\u00bb locked=\u00a0\u00bboff\u00a0\u00bb]<\/p>\n<h1>NOUVELLES<\/h1>\n<p>[\/et_pb_text][\/et_pb_column][et_pb_column type=\u00a0\u00bb2_5&Prime; _builder_version=\u00a0\u00bb4.7.5&Prime; _module_preset=\u00a0\u00bbdefault\u00a0\u00bb][\/et_pb_column][\/et_pb_row][\/et_pb_section][et_pb_section fb_built=\u00a0\u00bb1&Prime; admin_label=\u00a0\u00bbNews\u00a0\u00bb module_class=\u00a0\u00bbblog-sec\u00a0\u00bb _builder_version=\u00a0\u00bb4.7.5&Prime; _module_preset=\u00a0\u00bbdefault\u00a0\u00bb custom_margin_tablet=\u00a0\u00bb\u00a0\u00bb custom_margin_phone=\u00a0\u00bb20px||||false|false\u00a0\u00bb custom_margin_last_edited=\u00a0\u00bbon|phone\u00a0\u00bb collapsed=\u00a0\u00bboff\u00a0\u00bb][et_pb_row _builder_version=\u00a0\u00bb4.7.5&Prime; _module_preset=\u00a0\u00bbdefault\u00a0\u00bb custom_margin=\u00a0\u00bb0px||||false|false\u00a0\u00bb custom_padding=\u00a0\u00bb0px||||false|false\u00a0\u00bb][et_pb_column type=\u00a0\u00bb4_4&Prime; _builder_version=\u00a0\u00bb4.7.5&Prime; _module_preset=\u00a0\u00bbdefault\u00a0\u00bb][et_pb_text _builder_version=\u00a0\u00bb4.7.5&Prime; _module_preset=\u00a0\u00bbdefault\u00a0\u00bb]<\/p>\n<style type='text\/css' media='all'>#rt-tpg-container-3845413619 .rt-holder .rt-woo-info .price{color:#0367bf;}body .rt-tpg-container .rt-tpg-isotope-buttons .selected,\n\t\t\t\t\t#rt-tpg-container-3845413619 .layout12 .rt-holder:hover .rt-detail,\n\t\t\t\t\t#rt-tpg-container-3845413619 .isotope8 .rt-holder:hover .rt-detail,\n\t\t\t\t\t#rt-tpg-container-3845413619 .carousel8 .rt-holder:hover .rt-detail,\n\t\t\t\t\t#rt-tpg-container-3845413619 .layout13 .rt-holder .overlay .post-info,\n\t\t\t\t\t#rt-tpg-container-3845413619 .isotope9 .rt-holder .overlay .post-info,\n\t\t\t\t\t#rt-tpg-container-3845413619.rt-tpg-container .layout4 .rt-holder .rt-detail,\n\t\t\t\t\t.rt-modal-3845413619 .md-content,\n\t\t\t\t\t.rt-modal-3845413619 .md-content > .rt-md-content-holder .rt-md-content,\n\t\t\t\t\t.rt-popup-wrap-3845413619.rt-popup-wrap .rt-popup-navigation-wrap,\n\t\t\t\t\t#rt-tpg-container-3845413619 .carousel9 .rt-holder .overlay .post-info{background-color:#0367bf;}#rt-tpg-container-3845413619 .layout5 .rt-holder .overlay, #rt-tpg-container-3845413619 .isotope2 .rt-holder .overlay, #rt-tpg-container-3845413619 .carousel2 .rt-holder .overlay,#rt-tpg-container-3845413619 .layout15 .rt-holder h3, #rt-tpg-container-3845413619 .isotope11 .rt-holder h3, #rt-tpg-container-3845413619 .carousel11 .rt-holder h3, #rt-tpg-container-3845413619 .layout16 .rt-holder h3,\n\t\t\t\t\t#rt-tpg-container-3845413619 .isotope12 .rt-holder h3, #rt-tpg-container-3845413619 .carousel12 .rt-holder h3 {background-color:rgba(3,103,191,0.8);}#rt-tpg-container-3845413619 .read-more a{border-radius:px;}#rt-tpg-container-3845413619 .rt-img-holder img.rt-img-responsive,#rt-tpg-container-3845413619 .rt-img-holder,\n\t\t\t\t\t#rt-tpg-container-3845413619 .rt-post-overlay .post-img,\n\t\t\t\t\t#rt-tpg-container-3845413619 .post-sm .post-img,\n\t\t\t\t\t#rt-tpg-container-3845413619 .rt-post-grid .post-img,\n\t\t\t\t\t#rt-tpg-container-3845413619 .post-img img {border-radius:px;}<\/style><div class='rt-container-fluid rt-tpg-container tpg-shortcode-main-wrapper ' id='rt-tpg-container-3845413619'   data-layout='layout1' data-grid-style='even' data-desktop-col='3'  data-tab-col='2'  data-mobile-col='1' data-sc-id='1310'><div class=\"tpg-widget-heading-wrapper heading-style1 \"><span class=\"tpg-widget-heading-line line-left\"><\/span><h2 class=\"tpg-widget-heading\">Nouvelles<\/h2><span class=\"tpg-widget-heading-line\"><\/span><\/div><div data-title='Loading ...' class='rt-row rt-content-loader   layout1 tpg-even '><div class=\"rt-col-md-4 rt-col-sm-6 rt-col-xs-12 even-grid-item rt-grid-item\" data-id=\"2381\"><div class=\"rt-holder\"><div class=\"rt-img-holder\"><a data-id=\"2381\" class=\"\" href=\"https:\/\/rcto.ca\/fr\/legion-royale-canadienne\/\"><img loading=\"lazy\" width=\"1500\" height=\"600\" src=\"https:\/\/rcto.ca\/wp-content\/uploads\/2022\/11\/november-2022-signature.jpg\" class=\"rt-img-responsive \" alt=\"\" \/><\/a><\/div><div class='rt-detail'><h3 class=\"entry-title\"><a data-id=\"2381\" class=\"\" href=\"https:\/\/rcto.ca\/fr\/legion-royale-canadienne\/\">L\u00e9gion royale canadienne<\/a><\/h3><div class='post-meta-user  '><span class='author'><i class='fa fa-user '><\/i><a href=\"https:\/\/rcto.ca\/fr\/author\/marie\/\">Marie<\/a><\/span><span class='date'><i class='far fa-calendar-alt '><\/i>novembre 1, 2022<\/span><span class='categories-links'><i class='fas fa-folder-open '><\/i><a class=\"pleins-feux-sur-fr\" href=\"https:\/\/rcto.ca\/fr\/category\/pleins-feux-sur-fr\/\" rel=\"tag\">Pleins feux sur<\/a><\/span><span class=\"comment-count\"><i class='fas fa-comments '><\/i><a href='https:\/\/rcto.ca\/fr\/legion-royale-canadienne\/#respond'>(0) <\/a><\/span><\/div><div class='tpg-excerpt'>La Direction de l'Ontario de la L\u00e9gion royale canadienne compte pr\u00e8s de 400 bureaux en...<\/div><div class='post-meta '><span class='read-more'><a data-id='2381' class='' href='https:\/\/rcto.ca\/fr\/legion-royale-canadienne\/'>Read More<\/a><\/span><\/div><\/div><\/div><\/div><div class=\"rt-col-md-4 rt-col-sm-6 rt-col-xs-12 even-grid-item rt-grid-item\" data-id=\"2379\"><div class=\"rt-holder\"><div class=\"rt-img-holder\"><a data-id=\"2379\" class=\"\" href=\"https:\/\/rcto.ca\/fr\/celebration-dune-etape-importante-dans-le-nord-de-lontario\/\"><img loading=\"lazy\" width=\"960\" height=\"540\" src=\"https:\/\/rcto.ca\/wp-content\/uploads\/2021\/11\/wunnumin-lake.jpgw960h540modecrop.jpeg\" class=\"rt-img-responsive \" alt=\"\" \/><\/a><\/div><div class='rt-detail'><h3 class=\"entry-title\"><a data-id=\"2379\" class=\"\" href=\"https:\/\/rcto.ca\/fr\/celebration-dune-etape-importante-dans-le-nord-de-lontario\/\">C\u00e9l\u00e9bration d&rsquo;une \u00e9tape importante dans le nord de l&rsquo;Ontario<\/a><\/h3><div class='post-meta-user  '><span class='author'><i class='fa fa-user '><\/i><a href=\"https:\/\/rcto.ca\/fr\/author\/rcto\/\">rcto<\/a><\/span><span class='date'><i class='far fa-calendar-alt '><\/i>novembre 6, 2021<\/span><span class='categories-links'><i class='fas fa-folder-open '><\/i><a class=\"non-classifiee\" href=\"https:\/\/rcto.ca\/fr\/category\/non-classifiee\/\" rel=\"tag\">Non classifi\u00e9(e)<\/a><\/span><span class=\"comment-count\"><i class='fas fa-comments '><\/i><a href='https:\/\/rcto.ca\/fr\/celebration-dune-etape-importante-dans-le-nord-de-lontario\/#respond'>(0) <\/a><\/span><\/div><div class='tpg-excerpt'>C\u00e9l\u00e9bration d'une \u00e9tape importante dans le nord de l'Ontario 6 novembre 2021 La Premi\u00e8re nation...<\/div><div class='post-meta '><span class='read-more'><a data-id='2379' class='' href='https:\/\/rcto.ca\/fr\/celebration-dune-etape-importante-dans-le-nord-de-lontario\/'>Read More<\/a><\/span><\/div><\/div><\/div><\/div><div class=\"rt-col-md-4 rt-col-sm-6 rt-col-xs-12 even-grid-item rt-grid-item\" data-id=\"2378\"><div class=\"rt-holder\"><div class=\"rt-img-holder\"><a data-id=\"2378\" class=\"\" href=\"https:\/\/rcto.ca\/fr\/une-base-solide-pour-les-futurs-innovateurs\/\"><img loading=\"lazy\" width=\"2040\" height=\"1146\" src=\"https:\/\/rcto.ca\/wp-content\/uploads\/2024\/06\/ECDI-Team-2024.jpg\" class=\"rt-img-responsive \" alt=\"\" \/><\/a><\/div><div class='rt-detail'><h3 class=\"entry-title\"><a data-id=\"2378\" class=\"\" href=\"https:\/\/rcto.ca\/fr\/une-base-solide-pour-les-futurs-innovateurs\/\">Une base solide pour les futurs innovateurs !<\/a><\/h3><div class='post-meta-user  '><span class='author'><i class='fa fa-user '><\/i><a href=\"https:\/\/rcto.ca\/fr\/author\/marie\/\">Marie<\/a><\/span><span class='date'><i class='far fa-calendar-alt '><\/i>juillet 16, 2024<\/span><span class='categories-links'><i class='fas fa-folder-open '><\/i><a class=\"page-daccueil\" href=\"https:\/\/rcto.ca\/fr\/category\/page-daccueil\/\" rel=\"tag\">Page d'accueil<\/a><\/span><span class=\"comment-count\"><i class='fas fa-comments '><\/i>(0)<\/span><\/div><div class='tpg-excerpt'>Early Childhood Development Initiative (ECDI) est une organisation \u00e0 but non lucratif bas\u00e9e \u00e0 Toronto...<\/div><div class='post-meta '><span class='read-more'><a data-id='2378' class='' href='https:\/\/rcto.ca\/fr\/une-base-solide-pour-les-futurs-innovateurs\/'>Read More<\/a><\/span><\/div><\/div><\/div><\/div><div class=\"rt-col-md-4 rt-col-sm-6 rt-col-xs-12 even-grid-item rt-grid-item\" data-id=\"2377\"><div class=\"rt-holder\"><div class=\"rt-img-holder\"><a data-id=\"2377\" class=\"\" href=\"https:\/\/rcto.ca\/fr\/fierte\/\"><img loading=\"lazy\" width=\"396\" height=\"148\" src=\"https:\/\/rcto.ca\/wp-content\/uploads\/2024\/05\/web-Pride-June-2024.jpg\" class=\"rt-img-responsive \" alt=\"\" \/><\/a><\/div><div class='rt-detail'><h3 class=\"entry-title\"><a data-id=\"2377\" class=\"\" href=\"https:\/\/rcto.ca\/fr\/fierte\/\">Fiert\u00e9 !<\/a><\/h3><div class='post-meta-user  '><span class='author'><i class='fa fa-user '><\/i><a href=\"https:\/\/rcto.ca\/fr\/author\/marie\/\">Marie<\/a><\/span><span class='date'><i class='far fa-calendar-alt '><\/i>mai 29, 2024<\/span><span class='categories-links'><i class='fas fa-folder-open '><\/i><a class=\"non-classifiee\" href=\"https:\/\/rcto.ca\/fr\/category\/non-classifiee\/\" rel=\"tag\">Non classifi\u00e9(e)<\/a><span class=\"rt-separator\">,<\/span><a class=\"non-classifiee\" href=\"https:\/\/rcto.ca\/fr\/category\/non-classifiee\/\" rel=\"tag\">Non classifi\u00e9(e)<\/a><span class=\"rt-separator\">,<\/span><a class=\"non-classifiee\" href=\"https:\/\/rcto.ca\/fr\/category\/non-classifiee\/\" rel=\"tag\">Non classifi\u00e9(e)<\/a><\/span><span class=\"comment-count\"><i class='fas fa-comments '><\/i>(0)<\/span><\/div><div class='tpg-excerpt'>Le mois de la fiert\u00e9, c\u00e9l\u00e9br\u00e9 chaque ann\u00e9e en juin, est une p\u00e9riode importante pour...<\/div><div class='post-meta '><span class='read-more'><a data-id='2377' class='' href='https:\/\/rcto.ca\/fr\/fierte\/'>Read More<\/a><\/span><\/div><\/div><\/div><\/div><div class=\"rt-col-md-4 rt-col-sm-6 rt-col-xs-12 even-grid-item rt-grid-item\" data-id=\"2375\"><div class=\"rt-holder\"><div class=\"rt-img-holder\"><a data-id=\"2375\" class=\"\" href=\"https:\/\/rcto.ca\/fr\/dixie-bloor-neighbourhood-centre-partnership\/\"><img loading=\"lazy\" width=\"2560\" height=\"1703\" src=\"https:\/\/rcto.ca\/wp-content\/uploads\/2022\/08\/donations-ad-kids-scaled.jpg\" class=\"rt-img-responsive \" alt=\"\" \/><\/a><\/div><div class='rt-detail'><h3 class=\"entry-title\"><a data-id=\"2375\" class=\"\" href=\"https:\/\/rcto.ca\/fr\/dixie-bloor-neighbourhood-centre-partnership\/\">Dixie Bloor Neighbourhood Centre Partnership !<\/a><\/h3><div class='post-meta-user  '><span class='author'><i class='fa fa-user '><\/i><a href=\"https:\/\/rcto.ca\/fr\/author\/marie\/\">Marie<\/a><\/span><span class='date'><i class='far fa-calendar-alt '><\/i>juillet 31, 2024<\/span><span class='categories-links'><i class='fas fa-folder-open '><\/i><a class=\"page-daccueil\" href=\"https:\/\/rcto.ca\/fr\/category\/page-daccueil\/\" rel=\"tag\">Page d'accueil<\/a><span class=\"rt-separator\">,<\/span><a class=\"non-classifiee\" href=\"https:\/\/rcto.ca\/fr\/category\/non-classifiee\/\" rel=\"tag\">Non classifi\u00e9(e)<\/a><span class=\"rt-separator\">,<\/span><a class=\"pleins-feux-sur-fr\" href=\"https:\/\/rcto.ca\/fr\/category\/pleins-feux-sur-fr\/\" rel=\"tag\">Pleins feux sur<\/a><\/span><span class=\"comment-count\"><i class='fas fa-comments '><\/i>(0)<\/span><\/div><div class='tpg-excerpt'>Cette ann\u00e9e, RCT s'est relanc\u00e9 avec une nouvelle ligne de produits, qui comprend des ordinateurs...<\/div><div class='post-meta '><span class='read-more'><a data-id='2375' class='' href='https:\/\/rcto.ca\/fr\/dixie-bloor-neighbourhood-centre-partnership\/'>Read More<\/a><\/span><\/div><\/div><\/div><\/div><\/div><\/div>\n<p>[\/et_pb_text][\/et_pb_column][\/et_pb_row][et_pb_row module_class=\u00a0\u00bbemail-row\u00a0\u00bb _builder_version=\u00a0\u00bb4.7.5&Prime; _module_preset=\u00a0\u00bbdefault\u00a0\u00bb background_color=\u00a0\u00bb#00946d\u00a0\u00bb width=\u00a0\u00bb100%\u00a0\u00bb max_width=\u00a0\u00bb1170px\u00a0\u00bb custom_margin=\u00a0\u00bb0px||||false|false\u00a0\u00bb custom_padding=\u00a0\u00bb80px||80px||false|false\u00a0\u00bb][et_pb_column type=\u00a0\u00bb4_4&Prime; _builder_version=\u00a0\u00bb4.7.5&Prime; _module_preset=\u00a0\u00bbdefault\u00a0\u00bb][et_pb_text module_class=\u00a0\u00bbnewsletter\u00a0\u00bb _builder_version=\u00a0\u00bb4.7.5&Prime; _module_preset=\u00a0\u00bbdefault\u00a0\u00bb]<\/p>\n<h4>Join our email newsletter&nbsp;<\/h4>\n<p>\n<div class=\"wpcf7 no-js\" id=\"wpcf7-f218-o1\" lang=\"en-US\" dir=\"ltr\">\n<div class=\"screen-reader-response\"><p role=\"status\" aria-live=\"polite\" aria-atomic=\"true\"><\/p> <ul><\/ul><\/div>\n<form action=\"\/fr\/wp-json\/wp\/v2\/pages\/1308#wpcf7-f218-o1\" method=\"post\" class=\"wpcf7-form init\" aria-label=\"Contact form\" novalidate=\"novalidate\" data-status=\"init\">\n<div style=\"display: none;\">\n<input type=\"hidden\" name=\"_wpcf7\" value=\"218\" \/>\n<input type=\"hidden\" name=\"_wpcf7_version\" value=\"5.9.8\" \/>\n<input type=\"hidden\" name=\"_wpcf7_locale\" value=\"en_US\" \/>\n<input type=\"hidden\" name=\"_wpcf7_unit_tag\" value=\"wpcf7-f218-o1\" \/>\n<input type=\"hidden\" name=\"_wpcf7_container_post\" value=\"0\" \/>\n<input type=\"hidden\" name=\"_wpcf7_posted_data_hash\" value=\"\" \/>\n<\/div>\n<div style=\"display:flex;\">\n\t<p><span class=\"wpcf7-form-control-wrap\" data-name=\"firstname\"><input size=\"40\" maxlength=\"400\" class=\"wpcf7-form-control wpcf7-text wpcf7-validates-as-required newsletter-firstname\" aria-required=\"true\" aria-invalid=\"false\" placeholder=\"First name\" value=\"\" type=\"text\" name=\"firstname\" \/><\/span>\n\t<\/p>\n\t<p><span class=\"wpcf7-form-control-wrap\" data-name=\"lastname\"><input size=\"40\" maxlength=\"400\" class=\"wpcf7-form-control wpcf7-text wpcf7-validates-as-required newsletter-lastname\" aria-required=\"true\" aria-invalid=\"false\" placeholder=\"Last name\" value=\"\" type=\"text\" name=\"lastname\" \/><\/span>\n\t<\/p>\n\t<p><span class=\"wpcf7-form-control-wrap\" data-name=\"company\"><input size=\"40\" maxlength=\"400\" class=\"wpcf7-form-control wpcf7-text wpcf7-validates-as-required newsletter-com\" aria-required=\"true\" aria-invalid=\"false\" placeholder=\"Company\" value=\"\" type=\"text\" name=\"company\" \/><\/span>\n\t<\/p>\n\t<p><span class=\"wpcf7-form-control-wrap\" data-name=\"email\"><input size=\"40\" maxlength=\"400\" class=\"wpcf7-form-control wpcf7-email wpcf7-validates-as-required wpcf7-text wpcf7-validates-as-email newsletter-email\" aria-required=\"true\" aria-invalid=\"false\" placeholder=\"Email\" value=\"\" type=\"email\" name=\"email\" \/><\/span>\n\t<\/p>\n<\/div>\n<div class=\"checkbox-div\">\n\t<p><label> I am interested in: <\/label>\n\t<\/p>\n\t<p><span class=\"wpcf7-form-control-wrap\" data-name=\"technology\"><span class=\"wpcf7-form-control wpcf7-checkbox newsletter-checkbox\"><span class=\"wpcf7-list-item first\"><label><input type=\"checkbox\" name=\"technology[]\" value=\"Ordering technology\" \/><span class=\"wpcf7-list-item-label\">Ordering technology<\/span><\/label><\/span><span class=\"wpcf7-list-item last\"><label><input type=\"checkbox\" name=\"technology[]\" value=\"Donating technology\" \/><span class=\"wpcf7-list-item-label\">Donating technology<\/span><\/label><\/span><\/span><\/span>\n\t<\/p>\n\t<p><input class=\"wpcf7-form-control wpcf7-submit has-spinner subscribe-button\" type=\"submit\" value=\"Subscribe\" \/>\n\t<\/p>\n<\/div><div class=\"wpcf7-response-output\" aria-hidden=\"true\"><\/div>\n<\/form>\n<\/div>\n[\/et_pb_text][\/et_pb_column][\/et_pb_row][\/et_pb_section]<\/p>\n","protected":false},"excerpt":{"rendered":"<p>[et_pb_section fb_built=\u00a0\u00bb1&Prime; disabled_on=\u00a0\u00bboff|off|off\u00a0\u00bb admin_label=\u00a0\u00bbDiscover\u00a0\u00bb module_class=\u00a0\u00bbdiscover-sec\u00a0\u00bb _builder_version=\u00a0\u00bb4.7.5&Prime; _module_preset=\u00a0\u00bbdefault\u00a0\u00bb background_image=\u00a0\u00bbhttps:\/\/rcto.wpengine.com\/wp-content\/uploads\/2022\/08\/D6C0A8BF-6723-4DFD-B6B0-B1816BA5310F.png\u00a0\u00bb custom_padding=\u00a0\u00bb150px||150px||false|false\u00a0\u00bb hover_enabled=\u00a0\u00bb0&Prime; locked=\u00a0\u00bboff\u00a0\u00bb collapsed=\u00a0\u00bboff\u00a0\u00bb use_background_color_gradient=\u00a0\u00bbon\u00a0\u00bb background_color_gradient_start=\u00a0\u00bb#000000&Prime; background_color_gradient_end=\u00a0\u00bbrgba(0,0,0,0)\u00a0\u00bb background_color_gradient_direction=\u00a0\u00bb90deg\u00a0\u00bb background_color_gradient_start_position=\u00a0\u00bb-42%\u00a0\u00bb background_color_gradient_overlays_image=\u00a0\u00bbon\u00a0\u00bb sticky_enabled=\u00a0\u00bb0&Prime;][et_pb_row column_structure=\u00a0\u00bb3_5,2_5&Prime; module_class=\u00a0\u00bbdiscover-row\u00a0\u00bb _builder_version=\u00a0\u00bb4.7.5&Prime; _module_preset=\u00a0\u00bbdefault\u00a0\u00bb][et_pb_column type=\u00a0\u00bb3_5&Prime; _builder_version=\u00a0\u00bb4.7.5&Prime; _module_preset=\u00a0\u00bbdefault\u00a0\u00bb][et_pb_text module_class=\u00a0\u00bbbanner-text\u00a0\u00bb _builder_version=\u00a0\u00bb4.7.5&Prime; _module_preset=\u00a0\u00bbdefault\u00a0\u00bb text_font=\u00a0\u00bb||||||||\u00a0\u00bb text_font_size=\u00a0\u00bb20px\u00a0\u00bb custom_margin=\u00a0\u00bb||20px||false|false\u00a0\u00bb custom_padding=\u00a0\u00bb||0px||false|false\u00a0\u00bb locked=\u00a0\u00bboff\u00a0\u00bb] NOUVELLES [\/et_pb_text][\/et_pb_column][et_pb_column type=\u00a0\u00bb2_5&Prime; _builder_version=\u00a0\u00bb4.7.5&Prime; _module_preset=\u00a0\u00bbdefault\u00a0\u00bb][\/et_pb_column][\/et_pb_row][\/et_pb_section][et_pb_section fb_built=\u00a0\u00bb1&Prime; admin_label=\u00a0\u00bbNews\u00a0\u00bb module_class=\u00a0\u00bbblog-sec\u00a0\u00bb _builder_version=\u00a0\u00bb4.7.5&Prime; _module_preset=\u00a0\u00bbdefault\u00a0\u00bb custom_margin_tablet=\u00a0\u00bb\u00a0\u00bb custom_margin_phone=\u00a0\u00bb20px||||false|false\u00a0\u00bb custom_margin_last_edited=\u00a0\u00bbon|phone\u00a0\u00bb collapsed=\u00a0\u00bboff\u00a0\u00bb][et_pb_row _builder_version=\u00a0\u00bb4.7.5&Prime; _module_preset=\u00a0\u00bbdefault\u00a0\u00bb custom_margin=\u00a0\u00bb0px||||false|false\u00a0\u00bb custom_padding=\u00a0\u00bb0px||||false|false\u00a0\u00bb][et_pb_column type=\u00a0\u00bb4_4&Prime; _builder_version=\u00a0\u00bb4.7.5&Prime; _module_preset=\u00a0\u00bbdefault\u00a0\u00bb][et_pb_text [&hellip;]<\/p>\n","protected":false},"author":3,"featured_media":0,"parent":0,"menu_order":0,"comment_status":"closed","ping_status":"closed","template":"","meta":{"_et_pb_use_builder":"on","_et_pb_old_content":"<!-- wp:divi\/placeholder \/-->","_et_gb_content_width":""},"featured_image_src":null,"featured_image_src_square":null,"rttpg_featured_image_url":null,"rttpg_author":{"display_name":"content","author_link":"https:\/\/rcto.ca\/fr\/author\/content\/"},"rttpg_comment":0,"rttpg_category":"","rttpg_excerpt":"[et_pb_section fb_built=\u00a0\u00bb1&Prime; disabled_on=\u00a0\u00bboff|off|off\u00a0\u00bb admin_label=\u00a0\u00bbDiscover\u00a0\u00bb module_class=\u00a0\u00bbdiscover-sec\u00a0\u00bb _builder_version=\u00a0\u00bb4.7.5&Prime; _module_preset=\u00a0\u00bbdefault\u00a0\u00bb background_image=\u00a0\u00bbhttps:\/\/rcto.wpengine.com\/wp-content\/uploads\/2022\/08\/D6C0A8BF-6723-4DFD-B6B0-B1816BA5310F.png\u00a0\u00bb custom_padding=\u00a0\u00bb150px||150px||false|false\u00a0\u00bb hover_enabled=\u00a0\u00bb0&Prime; locked=\u00a0\u00bboff\u00a0\u00bb collapsed=\u00a0\u00bboff\u00a0\u00bb use_background_color_gradient=\u00a0\u00bbon\u00a0\u00bb background_color_gradient_start=\u00a0\u00bb#000000&Prime; background_color_gradient_end=\u00a0\u00bbrgba(0,0,0,0)\u00a0\u00bb background_color_gradient_direction=\u00a0\u00bb90deg\u00a0\u00bb background_color_gradient_start_position=\u00a0\u00bb-42%\u00a0\u00bb background_color_gradient_overlays_image=\u00a0\u00bbon\u00a0\u00bb sticky_enabled=\u00a0\u00bb0&Prime;][et_pb_row column_structure=\u00a0\u00bb3_5,2_5&Prime; module_class=\u00a0\u00bbdiscover-row\u00a0\u00bb _builder_version=\u00a0\u00bb4.7.5&Prime; _module_preset=\u00a0\u00bbdefault\u00a0\u00bb][et_pb_column type=\u00a0\u00bb3_5&Prime; _builder_version=\u00a0\u00bb4.7.5&Prime; _module_preset=\u00a0\u00bbdefault\u00a0\u00bb][et_pb_text module_class=\u00a0\u00bbbanner-text\u00a0\u00bb _builder_version=\u00a0\u00bb4.7.5&Prime; _module_preset=\u00a0\u00bbdefault\u00a0\u00bb text_font=\u00a0\u00bb||||||||\u00a0\u00bb text_font_size=\u00a0\u00bb20px\u00a0\u00bb custom_margin=\u00a0\u00bb||20px||false|false\u00a0\u00bb custom_padding=\u00a0\u00bb||0px||false|false\u00a0\u00bb locked=\u00a0\u00bboff\u00a0\u00bb] NOUVELLES [\/et_pb_text][\/et_pb_column][et_pb_column type=\u00a0\u00bb2_5&Prime; _builder_version=\u00a0\u00bb4.7.5&Prime; _module_preset=\u00a0\u00bbdefault\u00a0\u00bb][\/et_pb_column][\/et_pb_row][\/et_pb_section][et_pb_section fb_built=\u00a0\u00bb1&Prime; admin_label=\u00a0\u00bbNews\u00a0\u00bb module_class=\u00a0\u00bbblog-sec\u00a0\u00bb _builder_version=\u00a0\u00bb4.7.5&Prime; _module_preset=\u00a0\u00bbdefault\u00a0\u00bb custom_margin_tablet=\u00a0\u00bb\u00a0\u00bb custom_margin_phone=\u00a0\u00bb20px||||false|false\u00a0\u00bb custom_margin_last_edited=\u00a0\u00bbon|phone\u00a0\u00bb collapsed=\u00a0\u00bboff\u00a0\u00bb][et_pb_row _builder_version=\u00a0\u00bb4.7.5&Prime; _module_preset=\u00a0\u00bbdefault\u00a0\u00bb custom_margin=\u00a0\u00bb0px||||false|false\u00a0\u00bb custom_padding=\u00a0\u00bb0px||||false|false\u00a0\u00bb][et_pb_column type=\u00a0\u00bb4_4&Prime; _builder_version=\u00a0\u00bb4.7.5&Prime; _module_preset=\u00a0\u00bbdefault\u00a0\u00bb][et_pb_text\u2026","_links":{"self":[{"href":"https:\/\/rcto.ca\/fr\/wp-json\/wp\/v2\/pages\/1308"}],"collection":[{"href":"https:\/\/rcto.ca\/fr\/wp-json\/wp\/v2\/pages"}],"about":[{"href":"https:\/\/rcto.ca\/fr\/wp-json\/wp\/v2\/types\/page"}],"author":[{"embeddable":true,"href":"https:\/\/rcto.ca\/fr\/wp-json\/wp\/v2\/users\/3"}],"replies":[{"embeddable":true,"href":"https:\/\/rcto.ca\/fr\/wp-json\/wp\/v2\/comments?post=1308"}],"version-history":[{"count":0,"href":"https:\/\/rcto.ca\/fr\/wp-json\/wp\/v2\/pages\/1308\/revisions"}],"wp:attachment":[{"href":"https:\/\/rcto.ca\/fr\/wp-json\/wp\/v2\/media?parent=1308"}],"curies":[{"name":"wp","href":"https:\/\/api.w.org\/{rel}","templated":true}]}}